{"id":490,"date":"2019-01-07T20:23:43","date_gmt":"2019-01-07T20:23:43","guid":{"rendered":"https:\/\/jumelagesinterculturels.uqam.ca\/approche-pedagogique\/"},"modified":"2019-06-11T15:12:53","modified_gmt":"2019-06-11T19:12:53","slug":"pedagogical-approach","status":"publish","type":"page","link":"https:\/\/jumelagesinterculturels.uqam.ca\/en\/pedagogical-approach\/","title":{"rendered":"Pedagogical Approach"},"content":{"rendered":"<p>L\u2019ann\u00e9e 2001-2002 marque le point de d\u00e9part de la belle aventure des jumelages interculturels \u00e0 l\u2019UQAM entre les \u00e9tudiants francophones de la majorit\u00e9 d\u2019accueil inscrits dans diff\u00e9rents programmes et les \u00e9tudiants immigrants apprenant le fran\u00e7ais de l\u2019\u00c9cole de langues. \u00c0 ce jour, c\u2019est plus de 12 000 \u00e9tudiants (jumeaux\/jumelles) francophones de l\u2019UQAM, d\u2019une part, et des \u00e9tudiants immigrants apprenant le fran\u00e7ais, d&#8217;autre part, qui ont b\u00e9n\u00e9fici\u00e9 des jumelages interculturels dans leur formation universitaire. De plus, le jumelage a le potentiel de contribuer au d\u00e9veloppement de pratiques p\u00e9dagogiques o\u00f9 les enseignants et les \u00e9tudiants apprennent \u00e0 devenir \u201cinterculturellement\u201d comp\u00e9tents. Forts de cette exp\u00e9rience, voici les outils qui ont \u00e9t\u00e9 d\u00e9velopp\u00e9s avec les ann\u00e9es par les enseignants qui pratiquent les jumelages.<\/p>\n","protected":false},"excerpt":{"rendered":"<p>L\u2019ann\u00e9e 2001-2002 marque le point de d\u00e9part de la belle aventure des jumelages interculturels \u00e0 l\u2019UQAM entre les \u00e9tudiants francophones de la majorit\u00e9 d\u2019accueil inscrits dans diff\u00e9rents programmes et les \u00e9tudiants immigrants apprenant le fran\u00e7ais de l\u2019\u00c9cole de langues. \u00c0 ce jour, c\u2019est plus de 12 000 \u00e9tudiants (jumeaux\/jumelles) francophones de l\u2019UQAM, d\u2019une part, et [&hellip;]<\/p>\n","protected":false},"author":1,"featured_media":0,"parent":0,"menu_order":0,"comment_status":"closed","ping_status":"closed","template":"tpl-working.php","meta":{"_acf_changed":false,"inline_featured_image":false,"footnotes":""},"class_list":["post-490","page","type-page","status-publish","hentry"],"acf":[],"_links":{"self":[{"href":"https:\/\/jumelagesinterculturels.uqam.ca\/en\/wp-json\/wp\/v2\/pages\/490","targetHints":{"allow":["GET"]}}],"collection":[{"href":"https:\/\/jumelagesinterculturels.uqam.ca\/en\/wp-json\/wp\/v2\/pages"}],"about":[{"href":"https:\/\/jumelagesinterculturels.uqam.ca\/en\/wp-json\/wp\/v2\/types\/page"}],"author":[{"embeddable":true,"href":"https:\/\/jumelagesinterculturels.uqam.ca\/en\/wp-json\/wp\/v2\/users\/1"}],"replies":[{"embeddable":true,"href":"https:\/\/jumelagesinterculturels.uqam.ca\/en\/wp-json\/wp\/v2\/comments?post=490"}],"version-history":[{"count":18,"href":"https:\/\/jumelagesinterculturels.uqam.ca\/en\/wp-json\/wp\/v2\/pages\/490\/revisions"}],"predecessor-version":[{"id":1241,"href":"https:\/\/jumelagesinterculturels.uqam.ca\/en\/wp-json\/wp\/v2\/pages\/490\/revisions\/1241"}],"wp:attachment":[{"href":"https:\/\/jumelagesinterculturels.uqam.ca\/en\/wp-json\/wp\/v2\/media?parent=490"}],"curies":[{"name":"wp","href":"https:\/\/api.w.org\/{rel}","templated":true}]}}